{"id":3,"date":"2022-12-06T13:13:26","date_gmt":"2022-12-06T12:13:26","guid":{"rendered":"http:\/\/localhost\/restaurant-lentrecoeur\/?page_id=3"},"modified":"2023-03-16T14:55:00","modified_gmt":"2023-03-16T13:55:00","slug":"politique-de-confidentialite","status":"publish","type":"page","link":"https:\/\/lentrecoeur.fr\/en\/politique-de-confidentialite\/","title":{"rendered":"Politique de confidentialit\u00e9"},"content":{"rendered":"<div data-elementor-type=\"wp-page\" data-elementor-id=\"3\" class=\"elementor elementor-3\">\n\t\t\t\t\t\t<section class=\"elementor-section elementor-top-section elementor-element elementor-element-29bf17c elementor-section-boxed elementor-section-height-default elementor-section-height-default\" data-id=\"29bf17c\" data-element_type=\"section\" data-settings=\"{&quot;_ob_glider_is_slider&quot;:&quot;no&quot;}\">\n\t\t\t\t\t\t<div class=\"elementor-container elementor-column-gap-default\">\n\t\t\t\t\t<div class=\"elementor-column elementor-col-100 elementor-top-column elementor-element elementor-element-4a3cb12\" data-id=\"4a3cb12\" data-element_type=\"column\" data-settings=\"{&quot;_ob_column_hoveranimator&quot;:&quot;no&quot;,&quot;_ob_column_has_pseudo&quot;:&quot;no&quot;}\">\n\t\t\t<div class=\"elementor-widget-wrap elementor-element-populated\">\n\t\t\t\t\t\t<div class=\"elementor-element elementor-element-573dce2 ob-harakiri-inherit ob-has-background-overlay elementor-widget elementor-widget-heading\" data-id=\"573dce2\" data-element_type=\"widget\" data-settings=\"{&quot;_ob_use_harakiri&quot;:&quot;yes&quot;,&quot;_ob_harakiri_writing_mode&quot;:&quot;inherit&quot;,&quot;_ob_harakiri_text_clip&quot;:&quot;none&quot;,&quot;_ob_widget_stalker_use&quot;:&quot;no&quot;,&quot;_ob_poopart_use&quot;:&quot;yes&quot;,&quot;_ob_shadough_use&quot;:&quot;no&quot;,&quot;_ob_allow_hoveranimator&quot;:&quot;no&quot;}\" data-widget_type=\"heading.default\">\n\t\t\t\t<div class=\"elementor-widget-container\">\n\t\t\t\t\t<h1 class=\"elementor-heading-title elementor-size-default\">Terms of Use, Cookies &amp; Privacy Policy<\/h1>\t\t\t\t<\/div>\n\t\t\t\t<\/div>\n\t\t\t\t<div class=\"elementor-element elementor-element-79631f6 ob-harakiri-inherit ob-has-background-overlay elementor-widget elementor-widget-text-editor\" data-id=\"79631f6\" data-element_type=\"widget\" data-settings=\"{&quot;_ob_use_harakiri&quot;:&quot;yes&quot;,&quot;_ob_harakiri_writing_mode&quot;:&quot;inherit&quot;,&quot;_ob_postman_use&quot;:&quot;no&quot;,&quot;_ob_widget_stalker_use&quot;:&quot;no&quot;,&quot;_ob_poopart_use&quot;:&quot;yes&quot;,&quot;_ob_shadough_use&quot;:&quot;no&quot;,&quot;_ob_allow_hoveranimator&quot;:&quot;no&quot;}\" data-widget_type=\"text-editor.default\">\n\t\t\t\t<div class=\"elementor-widget-container\">\n\t\t\t\t\t\t\t\t\t<div>\n<header>\n<div>\n<div>\n<div>\n<p>L\u00c9GAL NOTICE<\/p>\n<p>Editor and Owner :&nbsp;<span style=\"background-color: var(--nv-site-bg); color: var(--nv-text-color); font-size: var(--bodyfontsize); font-weight: var(--bodyfontweight); letter-spacing: var(--bodyletterspacing); text-transform: var(--bodytexttransform);\">Agnieska BLAZKIEWICZ&nbsp; &#8211;&nbsp;<\/span><span style=\"background-color: var(--nv-site-bg); color: var(--nv-text-color); font-size: var(--bodyfontsize); font-weight: var(--bodyfontweight); letter-spacing: var(--bodyletterspacing); text-transform: var(--bodytexttransform);\">Corporate name : ACB L\u2019Entrecoeur \u2013&nbsp;<\/span><span style=\"background-color: var(--nv-site-bg); color: var(--nv-text-color); font-size: var(--bodyfontsize); font-weight: var(--bodyfontweight); letter-spacing: var(--bodyletterspacing); text-transform: var(--bodytexttransform);\">Adress : 18B rue de la libert\u00e9 33210 Preignac<\/span><\/p>\n<p>Website : lentrecoeur.fr \u2013 e<span style=\"background-color: var(--nv-site-bg); color: var(--nv-text-color); font-size: var(--bodyfontsize); font-weight: var(--bodyfontweight); letter-spacing: var(--bodyletterspacing); text-transform: var(--bodytexttransform);\">mail : contact@lentrecoeur.fr&nbsp;<\/span><span style=\"background-color: var(--nv-site-bg); color: var(--nv-text-color); font-size: var(--bodyfontsize); font-weight: var(--bodyfontweight); letter-spacing: var(--bodyletterspacing); text-transform: var(--bodytexttransform);\">SIRET : 825 256 506 000 31<\/span><\/p>\n<p>Publication director :&nbsp;<span style=\"background-color: var(--nv-site-bg); color: var(--nv-text-color); font-size: var(--bodyfontsize); font-weight: var(--bodyfontweight); letter-spacing: var(--bodyletterspacing); text-transform: var(--bodytexttransform);\">Agnieska BLAZKIEWICZ &#8211;&nbsp;<\/span><span style=\"background-color: var(--nv-site-bg); color: var(--nv-text-color); font-size: var(--bodyfontsize); font-weight: var(--bodyfontweight); letter-spacing: var(--bodyletterspacing); text-transform: var(--bodytexttransform);\">Direction, design, and technical development :&nbsp;<\/span><span style=\"background-color: var(--nv-site-bg); color: var(--nv-text-color); font-size: var(--bodyfontsize); font-weight: var(--bodyfontweight); letter-spacing: var(--bodyletterspacing); text-transform: var(--bodytexttransform);\">Corporate name : Agence web DavidB \u2013&nbsp;<\/span><span style=\"background-color: var(--nv-site-bg); color: var(--nv-text-color); font-size: var(--bodyfontsize); font-weight: var(--bodyfontweight); letter-spacing: var(--bodyletterspacing); text-transform: var(--bodytexttransform);\">Website : https:\/\/agence-web-davidb.fr \u2013 e<\/span><span style=\"background-color: var(--nv-site-bg); color: var(--nv-text-color); font-size: var(--bodyfontsize); font-weight: var(--bodyfontweight); letter-spacing: var(--bodyletterspacing); text-transform: var(--bodytexttransform);\">mail :&nbsp;<\/span><a href=\"mailto:contact@agence-web-davidb.fr\" style=\"background-color: var(--nv-site-bg); font-size: var(--bodyfontsize); font-weight: var(--bodyfontweight); letter-spacing: var(--bodyletterspacing); text-transform: var(--bodytexttransform);\">contact@agence-web-davidb.fr<\/a>&nbsp;&#8211;&nbsp;<span style=\"background-color: var(--nv-site-bg); color: var(--nv-text-color); font-size: var(--bodyfontsize); font-weight: var(--bodyfontweight); letter-spacing: var(--bodyletterspacing); text-transform: var(--bodytexttransform);\">SIRET : 904 060 498 00014<\/span><\/p>\n<p>Web Host<\/p>\n<p>Corporate name : 1&amp;1 Internet Sarl \u2013 7 place de la Gare BP 70109 57201 SARREGUEMINES Cedex<\/p>\n<p><\/p>\n<p><span style=\"font-size: 16px;\">TERMS OF USE<\/span><\/p>\n<\/div>\n<\/div>\n<\/div>\n<\/header>\n<\/div>\n<div>\n<div>\n<div>\n<div>\n<div>\n<div>\n<div>\n<p>By using this site, you fully accept the general terms and conditions of use described below. These terms of use may be modified or supplemented at any time, during updates.<\/p>\n<p>INFORMATIONS<\/p>\n<p>The information and documents on this site are provided for informational purposes only, are not exhaustive, and cannot be held liable&nbsp;<span style=\"background-color: var(--nv-site-bg); color: var(--nv-text-color); font-size: var(--bodyfontsize); font-weight: var(--bodyfontweight); letter-spacing: var(--bodyletterspacing); text-transform: var(--bodytexttransform);\">of L\u2019Entrecoeur<\/span><span style=\"background-color: var(--nv-site-bg); color: var(--nv-text-color); font-size: var(--bodyfontsize); font-weight: var(--bodyfontweight); letter-spacing: var(--bodyletterspacing); text-transform: var(--bodytexttransform);\">.<\/span><\/p>\n<p>The owner of the website L'Entrecoeur, represented by Agnieska BLAZKIEWICZ, cannot be held responsible for direct or indirect damages resulting from access to the site.<\/p>\n<p>INTERACTIVITY<\/p>\n<p>Users of the site may submit content, which appears on the site in dedicated areas (specifically in the comments section). The submitted content remains the responsibility of its authors, who assume full legal liability for it.<\/p>\n<p>Website owner&nbsp;<span style=\"background-color: var(--nv-site-bg); color: var(--nv-text-color); font-size: var(--bodyfontsize); font-weight: var(--bodyfontweight); letter-spacing: var(--bodyletterspacing); text-transform: var(--bodytexttransform);\">L\u2019Entrecoeur by Agnieska BLAZKIEWICZ<\/span><span style=\"background-color: var(--nv-site-bg); color: var(--nv-text-color); font-size: var(--bodyfontsize); font-weight: var(--bodyfontweight); letter-spacing: var(--bodyletterspacing); text-transform: var(--bodytexttransform);\">&nbsp;reserves the right to remove, without prior notice or justification, any content posted by users that does not comply with the site's code of conduct or current legislation.<\/span><\/p>\n<p>INTELLECTUAL PROPERTY<\/p>\n<p>Unless otherwise stated, all elements accessible on the site (texts, images, graphics, logo, icons, sounds, software, etc.) remain the exclusive property of&nbsp;<span style=\"background-color: var(--nv-site-bg); color: var(--nv-text-color); font-size: var(--bodyfontsize); font-weight: var(--bodyfontweight); letter-spacing: var(--bodyletterspacing); text-transform: var(--bodytexttransform);\">L\u2019Entrecoeur by Agnieska BLAZKIEWICZ<\/span><span style=\"background-color: var(--nv-site-bg); color: var(--nv-text-color); font-size: var(--bodyfontsize); font-weight: var(--bodyfontweight); letter-spacing: var(--bodyletterspacing); text-transform: var(--bodytexttransform);\">when it comes to intellectual property rights or rights of use.&nbsp;<\/span><\/p>\n<p>Any reproduction, representation, modification, publication, or adaptation of all or part of the elements of this site, regardless of the means or process used, is prohibited without prior written permission from the author.<\/p>\n<p>Any unauthorized use of the site or any of its elements is considered an infringement and will be prosecuted in accordance with the provisions of Articles L.335-2 and following of the French Intellectual Property Code.<\/p>\n<p>The trademarks and logos reproduced on the site are registered by the companies that own them.<\/p>\n<p>LINKS<\/p>\n<p>Outbound links<br>Website owner&nbsp;<span style=\"background-color: var(--nv-site-bg); color: var(--nv-text-color); font-size: var(--bodyfontsize); font-weight: var(--bodyfontweight); letter-spacing: var(--bodyletterspacing); text-transform: var(--bodytexttransform);\">L\u2019Entrecoeur by Agnieska BLAZKIEWICZ<\/span><span style=\"background-color: var(--nv-site-bg); color: var(--nv-text-color); font-size: var(--bodyfontsize); font-weight: var(--bodyfontweight); letter-spacing: var(--bodyletterspacing); text-transform: var(--bodytexttransform);\">&nbsp;disclaims all liability and is not bound by the referencing via hypertext links, of third-party resources present on the Internet network, both in terms of their content and their relevance.<\/span><\/p>\n<p>Inbound links<br>Website owner&nbsp;<span style=\"background-color: var(--nv-site-bg); color: var(--nv-text-color); font-size: var(--bodyfontsize); font-weight: var(--bodyfontweight); letter-spacing: var(--bodyletterspacing); text-transform: var(--bodytexttransform);\">L\u2019Entrecoeur by Agnieska BLAZKIEWICZ<\/span><span style=\"background-color: var(--nv-site-bg); color: var(--nv-text-color); font-size: var(--bodyfontsize); font-weight: var(--bodyfontweight); letter-spacing: var(--bodyletterspacing); text-transform: var(--bodytexttransform);\">&nbsp;allows hyperlinks to any of the pages on this site, provided they open in a new window and are presented in an unambiguous manner to avoid:<\/span><\/p>\n<p>Any risk of confusion between the citing site and the site owner&nbsp;<span style=\"background-color: var(--nv-site-bg); color: var(--nv-text-color); font-size: var(--bodyfontsize); font-weight: var(--bodyfontweight); letter-spacing: var(--bodyletterspacing); text-transform: var(--bodytexttransform);\">L\u2019Entrecoeur by Agnieska BLAZKIEWICZ<\/span><span style=\"background-color: var(--nv-site-bg); color: var(--nv-text-color); font-size: var(--bodyfontsize); font-weight: var(--bodyfontweight); letter-spacing: var(--bodyletterspacing); text-transform: var(--bodytexttransform);\">&nbsp;and any biased or misleading presentation, or one that violates current laws<\/span><\/p>\n<p>Website owner&nbsp;<span style=\"background-color: var(--nv-site-bg); color: var(--nv-text-color); font-size: var(--bodyfontsize); font-weight: var(--bodyfontweight); letter-spacing: var(--bodyletterspacing); text-transform: var(--bodytexttransform);\">L\u2019Entrecoeur by Agnieska BLAZKIEWICZ<\/span><span style=\"background-color: var(--nv-site-bg); color: var(--nv-text-color); font-size: var(--bodyfontsize); font-weight: var(--bodyfontweight); letter-spacing: var(--bodyletterspacing); text-transform: var(--bodytexttransform);\">&nbsp;reserves the right to request the removal of a link if it deems that the source site does not comply with the rules thus defined.<\/span><\/p>\n<p>COOKIE NOTICE<\/p>\n<p>A cookie is a small file stored by a server on a user's device (computer, phone, etc.) and is associated with a web domain (which in most cases refers to all the pages of the same website). This file is automatically sent back during subsequent interactions with the same domain.<\/p>\n<p>Cookies have multiple uses: they can be used to remember your customer ID on a merchant site, the current contents of your shopping cart, the display language of a web page, an ID to track your browsing for statistical or advertising purposes, and so on. Some of these uses are strictly necessary for the functionalities expressly requested by the user or for establishing communication and are therefore exempt from unique consent. When a user visits a website, they are effectively consulting a \"domain\" that generally ends in an extension like .com or .fr (for example, monsite.com is a domain); the content can be transmitted from the domain they visit or via other domains they did not enter themselves and which belong to third parties. Indeed, each cookie is associated with a domain and sent or received each time the browser \"calls\" that domain. In practice:<\/p>\n<ul>\n<li><strong>First-party cookies are placed on the user's device by the website they're visiting, more specifically on that site's domain<\/strong>&nbsp;They can be used for the proper functioning of the website or to collect personal data to track user behavior and serve advertising purposes<\/li>\n<li><strong>Third-party cookies are cookies placed on domains different from the main site, usually managed by third parties&nbsp;<\/strong>which have been placed by the visited site and not by the user themselves: these cookies may also be necessary for the proper functioning of the site, but they are mostly used to allow the third party to see which pages on the site in question have been visited by a user and to collect information about them, particularly for advertising purposes<\/li>\n<\/ul>\n<p>The fact that cookies are \"first-party\" or \"third-party\" is a technical distinction that has no bearing on whether or not consent is required. In practice, a large majority of \"third-party\" cookies have purposes that require consent (for example, advertising), but you can also find \"third-party\" cookies that are strictly necessary for a functionality expressly requested by the user and are therefore exempt from consent. This is the case, for example, with cookies used solely for federated authentication (when a single account allows access to multiple sites). See the CNIL, the competent supervisory authority acting for the State.<\/p>\n<p>LIMITED LIABILITY<\/p>\n<p>Website owner&nbsp;<span style=\"text-align: start; background-color: var(--nv-site-bg); color: var(--nv-text-color); font-size: var(--bodyfontsize); font-weight: var(--bodyfontweight); letter-spacing: var(--bodyletterspacing); text-transform: var(--bodytexttransform);\">L\u2019Entrecoeur by Agnieska BLAZKIEWICZ<\/span><span style=\"background-color: var(--nv-site-bg); color: var(--nv-text-color); font-size: var(--bodyfontsize); font-weight: var(--bodyfontweight); letter-spacing: var(--bodyletterspacing); text-transform: var(--bodytexttransform);\">&nbsp;neither L'Entrec\u0153ur nor its representatives can be held liable for any direct or indirect damages resulting from a bug, incompatibility, or loss of business related to a user's hardware while accessing https:\/\/lentrecoeur.fr.<\/span><span style=\"background-color: var(--nv-site-bg); color: var(--nv-text-color); font-size: var(--bodyfontsize); font-weight: var(--bodyfontweight); letter-spacing: var(--bodyletterspacing); text-transform: var(--bodytexttransform);\">.<\/span><\/p>\n<p>INTELLECTUAL PROPERTY NOTICES<\/p>\n<p>Elements site&nbsp;<span style=\"text-align: start; background-color: var(--nv-site-bg); color: var(--nv-text-color); font-size: var(--bodyfontsize); font-weight: var(--bodyfontweight); letter-spacing: var(--bodyletterspacing); text-transform: var(--bodytexttransform);\">L\u2019Entrecoeur by Agnieska BLAZKIEWICZ<\/span><span style=\"background-color: var(--nv-site-bg); color: var(--nv-text-color); font-size: var(--bodyfontsize); font-weight: var(--bodyfontweight); letter-spacing: var(--bodyletterspacing); text-transform: var(--bodytexttransform);\">&nbsp;Are and remain the exclusive intellectual property of L'Entrecoeur. No person is authorized to reproduce, exploit, or use, even partially, any elements of the site, whether they are in the form of a photo, logo, visual, or text<\/span><\/p>\n<p>ONLINE STORE INFORMATION &amp; AVAILABLE INFORMATION<\/p>\n<p>The company ACB Entrecoeur has a physical restaurant and an online store that allows customers to order various food products. These products are intended for private individuals who declare their use is unrelated to any professional or commercial activity, as per their agreement to the general terms and conditions of sale of L'Entrecoeur. The customer confirms they have the full legal capacity to be bound by these general terms and conditions of sale.<\/p>\n<p><span style=\"background-color: var(--nv-site-bg); color: var(--nv-text-color); font-size: var(--bodyfontsize); font-weight: var(--bodyfontweight); letter-spacing: var(--bodyletterspacing); text-transform: var(--bodytexttransform);\">DATA COLLECTED ON THE SITE<\/span><\/p>\n<p>Personal customer information collected by the site&nbsp;<span style=\"background-color: var(--nv-site-bg); color: var(--nv-text-color); font-size: var(--bodyfontsize); font-weight: var(--bodyfontweight); letter-spacing: var(--bodyletterspacing); text-transform: var(--bodytexttransform);\">of L\u2019Entrecoeur<\/span><span style=\"background-color: var(--nv-site-bg); color: var(--nv-text-color); font-size: var(--bodyfontsize); font-weight: var(--bodyfontweight); letter-spacing: var(--bodyletterspacing); text-transform: var(--bodytexttransform);\">&nbsp;are carried out with the consent of the said client and for the following purpose:<\/span><\/p>\n<ul>\n<li>Order form and customer account creation<\/li>\n<li>Free product with purchase from the site<\/li>\n<\/ul>\n<p>These data are exclusively for the operation of the service offered by the site, specifically, the online sale of products and may, however, be transmitted to the service processing parties:<\/p>\n<ul>\n<li>IONOS: web hosting company that also provides email management services and online store solutions<\/li>\n<li>Paypal: Secure online payment system<\/li>\n<li>Our bank for online payment transactions<\/li>\n<\/ul>\n<p>In general, we only store data for a customer's online purchase and only if we are not legally obligated to retain it.<\/p>\n<p>When a customer creates an account on our site, we store the data they enter (name, address, phone, email) for future use on our site for orders. This information is used for:<\/p>\n<ul>\n<li>Create a customer account on the website to send orders<\/li>\n<li>Contact us to answer your questions, process refunds, and assist with our store's offers<\/li>\n<\/ul>\n<p>When paying with PayPal, the data transmitted is necessary for the execution of the customer's payment. This data is retained by PayPal in accordance with their privacy policy.<\/p>\n<p>Website&nbsp;<span style=\"background-color: var(--nv-site-bg); color: var(--nv-text-color); font-size: var(--bodyfontsize); font-weight: var(--bodyfontweight); letter-spacing: var(--bodyletterspacing); text-transform: var(--bodytexttransform);\">of L\u2019Entrecoeur<\/span><span style=\"background-color: var(--nv-site-bg); color: var(--nv-text-color); font-size: var(--bodyfontsize); font-weight: var(--bodyfontweight); letter-spacing: var(--bodyletterspacing); text-transform: var(--bodytexttransform);\">&nbsp;use the TLS protocol to encrypt HTTPS communications. No personal data is stored at the head office&nbsp;<\/span><span style=\"background-color: var(--nv-site-bg); color: var(--nv-text-color); font-size: var(--bodyfontsize); font-weight: var(--bodyfontweight); letter-spacing: var(--bodyletterspacing); text-transform: var(--bodytexttransform);\">of L\u2019Entrecoeur<\/span><span style=\"background-color: var(--nv-site-bg); color: var(--nv-text-color); font-size: var(--bodyfontsize); font-weight: var(--bodyfontweight); letter-spacing: var(--bodyletterspacing); text-transform: var(--bodytexttransform);\">The subcontractors listed above who may be involved in the processing or storage of data apply security measures that comply with information security standards. To obtain information on these data measures, you can consult the websites of the said companies, whose contact details are available on the website of the competent authority, the CNIL.<\/span><\/p>\n<p>ACCESS, MODIFICATION &amp; DELETION RIGHTS<\/p>\n<p>Under European law, you have the right to access, modify, or delete your account on the online store's website. You can exercise your right to modify or delete your data at any time by contacting us at contact@lentrecoeur.fr. In case of a dispute, you can contact the CNIL, the competent authority on the matter.&nbsp;<a href=\"http:\/\/www.cnil.fr\/\">www.cnil.fr<\/a><\/p>\n<p>PRIVACY AND PERSONAL DATA<\/p>\n<p>Protection under Law n\u00b078-87 of January 6, 1978 \u2013 Law n\u00b02004-801 of August 6, 2004 \u2013 Article L.226-13 of the Penal Code and European Directive of October 24, 1995.\n\nEvery user has the right to access, rectify, and object to their personal data. To exercise this right, a written and signed request must be made, accompanied by proof of identity.&nbsp;<\/p>\n<\/div>\n<\/div>\n<\/div>\n<\/div>\n<\/div>\n<\/div>\n<\/div>\t\t\t\t\t\t\t\t<\/div>\n\t\t\t\t<\/div>\n\t\t\t\t\t<\/div>\n\t\t<\/div>\n\t\t\t\t\t<\/div>\n\t\t<\/section>\n\t\t\t\t<\/div>","protected":false},"excerpt":{"rendered":"<p>CGU, Cookies &amp; Politique de Confidentialit\u00e9 MENTIONS L\u00c9GALES \u00c9diteur et propri\u00e9taire :&nbsp;Agnieska BLAZKIEWICZ&nbsp; &#8211;&nbsp;Raison sociale : ACB L&rsquo;Entrecoeur &#8211;&nbsp;Si\u00e8ge Social : 18B rue de la libert\u00e9 33210 Preignac Site web : lentrecoeur.fr &#8211; email : contact@lentrecoeur.fr&nbsp;SIRET : 825 256 506 000 31 Repr\u00e9sentant l\u00e9gal et directeur de la publication :&nbsp;Agnieska BLAZKIEWICZ &#8211;&nbsp;Direction, conception et d\u00e9veloppement&hellip;&nbsp;<a href=\"https:\/\/lentrecoeur.fr\/en\/politique-de-confidentialite\/\" rel=\"bookmark\">Read More &raquo;<span class=\"screen-reader-text\">Politique de confidentialit\u00e9<\/span><\/a><\/p>","protected":false},"author":1,"featured_media":0,"parent":0,"menu_order":0,"comment_status":"closed","ping_status":"closed","template":"elementor_header_footer","meta":{"neve_meta_sidebar":"","neve_meta_container":"","neve_meta_enable_content_width":"","neve_meta_content_width":0,"neve_meta_title_alignment":"","neve_meta_author_avatar":"","neve_post_elements_order":"","neve_meta_disable_header":"","neve_meta_disable_footer":"","neve_meta_disable_title":"","footnotes":""},"class_list":["post-3","page","type-page","status-publish","hentry"],"aioseo_notices":[],"jetpack_sharing_enabled":true,"_links":{"self":[{"href":"https:\/\/lentrecoeur.fr\/en\/wp-json\/wp\/v2\/pages\/3","targetHints":{"allow":["GET"]}}],"collection":[{"href":"https:\/\/lentrecoeur.fr\/en\/wp-json\/wp\/v2\/pages"}],"about":[{"href":"https:\/\/lentrecoeur.fr\/en\/wp-json\/wp\/v2\/types\/page"}],"author":[{"embeddable":true,"href":"https:\/\/lentrecoeur.fr\/en\/wp-json\/wp\/v2\/users\/1"}],"replies":[{"embeddable":true,"href":"https:\/\/lentrecoeur.fr\/en\/wp-json\/wp\/v2\/comments?post=3"}],"version-history":[{"count":17,"href":"https:\/\/lentrecoeur.fr\/en\/wp-json\/wp\/v2\/pages\/3\/revisions"}],"predecessor-version":[{"id":2985,"href":"https:\/\/lentrecoeur.fr\/en\/wp-json\/wp\/v2\/pages\/3\/revisions\/2985"}],"wp:attachment":[{"href":"https:\/\/lentrecoeur.fr\/en\/wp-json\/wp\/v2\/media?parent=3"}],"curies":[{"name":"wp","href":"https:\/\/api.w.org\/{rel}","templated":true}]}}